{"id":121,"date":"2020-02-14T13:01:22","date_gmt":"2020-02-14T12:01:22","guid":{"rendered":"https:\/\/modern-akupunktura.hu\/?page_id=121"},"modified":"2024-03-22T17:43:21","modified_gmt":"2024-03-22T15:43:21","slug":"arcfeszesites-borfiatalitas-mutet-nelkul","status":"publish","type":"page","link":"https:\/\/modern-akupunktura.hu\/en\/kezelesek\/arcfeszesites-borfiatalitas-mutet-nelkul\/","title":{"rendered":"Facial tightening, skin rejuvenation without surgery, with absorbable bio-threads"},"content":{"rendered":"<p><img loading=\"lazy\" decoding=\"async\" width=\"828\" height=\"1031\" class=\"wp-image-3220\" style=\"width: 30%; float: right; margin-left: 30px; vertical-align: top;\" src=\"https:\/\/modern-akupunktura.hu\/wp-content\/uploads\/arcfeszesites.jpg\" alt=\"\" srcset=\"https:\/\/modern-akupunktura.hu\/wp-content\/uploads\/arcfeszesites.jpg 828w, https:\/\/modern-akupunktura.hu\/wp-content\/uploads\/arcfeszesites-490x610.jpg 490w, https:\/\/modern-akupunktura.hu\/wp-content\/uploads\/arcfeszesites-768x956.jpg 768w\" sizes=\"(max-width: 828px) 100vw, 828px\" \/>It is a gentle but incredibly effective lifting treatment <strong>without cuts, wounds and surgery. <\/strong>Its effect is immediately visible and there is <strong>no recovery time.<\/strong> The bio-absorbable threads do not cause the so-called \u201crigid face\u201d side effect, which is typical of other facial filling procedures. As a result of the treatment a new \u201ccollagen skeleton\u201d is formed, and the sagging skin and contour lines regain their firmness.<\/p>\r\n\r\n\r\n\r\n<h2 class=\"wp-block-heading\"><strong>What beauty problems can bio-thread lifting be used for?<\/strong><\/h2>\r\n\r\n\r\n\r\n<ul>\r\n<li>if the skin is sagging<\/li>\r\n<li>if the skin has lost its flexibility<\/li>\r\n<li>if the contour lines are blurred<\/li>\r\n<li>nyaki \u00e9s dekolt\u00e1zs-t\u00e1ji r\u00e1ncokra<\/li>\r\n<li>neck and d\u00e9collet\u00e9 wrinkles<\/li>\r\n<li>forehead and eye wrinkles<\/li>\r\n<li>nasolabial folds<\/li>\r\n<li>reduction of fat pads (double-chin)<\/li>\r\n<\/ul>\r\n\r\n\r\n\r\n<p>It is possible to treat several problems together at the same time. In that case I use different types of threads (Mono, Twin, Screw, Double Screw, Cog, etc.) to achieve the optimal effect.<\/p>\r\n\r\n\r\n\r\n<h2 class=\"wp-block-heading\"><strong>What effects does the treatment have?<\/strong><\/h2>\r\n\r\n\r\n\r\n<p>Around the bio-thread a tissue-regenerating process begins, which helps a new collagen network to be formed, <strong>making the skin firmer and more elastic.<\/strong> The treatment stimulates blood circulation and results in glowing skin. It improves the structure and elasticity of the skin, and <strong>smoothes both surface and deep wrinkles.<\/strong> A hat\u00e1s a kezel\u00e9st k\u00f6vet\u0151 2 h\u00e9t eltelt\u00e9vel l\u00e1that\u00f3. A kezel\u00e9s sz\u00fcks\u00e9g szerint 3 -6 h\u00f3nap ut\u00e1n ism\u00e9telhet\u0151.<\/p>\r\n\r\n\r\n\r\n<h2 class=\"wp-block-heading\"><strong>How is the treatment performed?<\/strong><\/h2>\r\n\r\n\r\n\r\n<p>During the treatment <strong>thin bio-threads are inserted into the loose connective tissue under the skin to the desired areas.<\/strong> Following facial contour lines, the threads will be positioned to smooth out deep wrinkles and lift the sagging surfaces. \nThe treatment is <strong>almost completely painless<\/strong>, mivel kezel\u00e9s el\u0151tt kr\u00e9m form\u00e1j\u00e1ban lok\u00e1lis \u00e9rz\u00e9stelen\u00edt\u00e9st is alkalmazok. Mind\u00f6ssze 30-60 percet vesz ig\u00e9nybe. A besz\u00far\u00e1s helye gyorsan gy\u00f3gyul, nem hagy maga ut\u00e1n sem nyomot, sem heget.\u00a0<\/p>\r\n\r\n\r\n\r\n<h2 class=\"wp-block-heading\"><strong>Does it have any side effects?<\/strong><\/h2>\r\n\r\n\r\n\r\n<p>Minim\u00e1lisak csak. A kezel\u00e9st k\u00f6vet\u0151en esetleg v\u00e9ral\u00e1fut\u00e1sok ( 5%) , illetve ideiglenes b\u0151rfel\u00fclet \u00e9rz\u00e9kenyebb\u00e9 v\u00e1lik. Semmi teend\u0151 nincs, mag\u00e1t\u00f3l elm\u00falik p\u00e1r nap alatt.<\/p>","protected":false},"excerpt":{"rendered":"<p>K\u00edm\u00e9letes, de rendk\u00edv\u00fcl hat\u00e9kony lifting kezel\u00e9s v\u00e1g\u00e1sok, sebek \u00e9s m\u0171t\u00e9t n\u00e9lk\u00fcl! Hat\u00e1sa azonnal l\u00e1that\u00f3 \u00e9s nincs l\u00e1badoz\u00e1si id\u0151 sem. A bio felsz\u00edv\u00f3d\u00f3 sz\u00e1lak alkalmaz\u00e1s\u00e1val nem jelentkezik a \u201emerev arc\u201d mell\u00e9khat\u00e1s, mely az egy\u00e9b arcfelt\u00f6lt\u0151 elj\u00e1r\u00e1sok velej\u00e1r\u00f3ja. A kezel\u00e9s hat\u00e1s\u00e1ra \u00faj \u201ekollag\u00e9n-v\u00e1z\u201d alakul ki, melyt\u0151l a megereszkedett b\u0151r- \u00e9s kont\u00farvonalak \u00fajra elnyerik feszess\u00e9g\u00fcket. Milyen sz\u00e9p\u00e9szeti probl\u00e9m\u00e1kra [&hellip;]<\/p>\n","protected":false},"author":2,"featured_media":3220,"parent":99,"menu_order":3,"comment_status":"closed","ping_status":"closed","template":"","meta":{"_acf_changed":false,"footnotes":""},"categories":[6],"tags":[],"acf":[],"_links":{"self":[{"href":"https:\/\/modern-akupunktura.hu\/en\/wp-json\/wp\/v2\/pages\/121"}],"collection":[{"href":"https:\/\/modern-akupunktura.hu\/en\/wp-json\/wp\/v2\/pages"}],"about":[{"href":"https:\/\/modern-akupunktura.hu\/en\/wp-json\/wp\/v2\/types\/page"}],"author":[{"embeddable":true,"href":"https:\/\/modern-akupunktura.hu\/en\/wp-json\/wp\/v2\/users\/2"}],"replies":[{"embeddable":true,"href":"https:\/\/modern-akupunktura.hu\/en\/wp-json\/wp\/v2\/comments?post=121"}],"version-history":[{"count":12,"href":"https:\/\/modern-akupunktura.hu\/en\/wp-json\/wp\/v2\/pages\/121\/revisions"}],"predecessor-version":[{"id":9589,"href":"https:\/\/modern-akupunktura.hu\/en\/wp-json\/wp\/v2\/pages\/121\/revisions\/9589"}],"up":[{"embeddable":true,"href":"https:\/\/modern-akupunktura.hu\/en\/wp-json\/wp\/v2\/pages\/99"}],"wp:featuredmedia":[{"embeddable":true,"href":"https:\/\/modern-akupunktura.hu\/en\/wp-json\/wp\/v2\/media\/3220"}],"wp:attachment":[{"href":"https:\/\/modern-akupunktura.hu\/en\/wp-json\/wp\/v2\/media?parent=121"}],"wp:term":[{"taxonomy":"category","embeddable":true,"href":"https:\/\/modern-akupunktura.hu\/en\/wp-json\/wp\/v2\/categories?post=121"},{"taxonomy":"post_tag","embeddable":true,"href":"https:\/\/modern-akupunktura.hu\/en\/wp-json\/wp\/v2\/tags?post=121"}],"curies":[{"name":"wp","href":"https:\/\/api.w.org\/{rel}","templated":true}]}}