{"id":119,"date":"2020-02-14T12:56:56","date_gmt":"2020-02-14T11:56:56","guid":{"rendered":"https:\/\/modern-akupunktura.hu\/?page_id=119"},"modified":"2024-03-22T17:42:39","modified_gmt":"2024-03-22T15:42:39","slug":"belso-szervek-mukodesenek-harmonizalasa","status":"publish","type":"page","link":"https:\/\/modern-akupunktura.hu\/en\/kezelesek\/belso-szervek-mukodesenek-harmonizalasa\/","title":{"rendered":"Harmonizing internal organs"},"content":{"rendered":"<p><img loading=\"lazy\" decoding=\"async\" width=\"753\" height=\"933\" class=\"wp-image-3258\" style=\"width: 30%; float: left; margin-right: 30px; vertical-align: top;\" src=\"https:\/\/modern-akupunktura.hu\/wp-content\/uploads\/ha-ok.jpg\" alt=\"\" srcset=\"https:\/\/modern-akupunktura.hu\/wp-content\/uploads\/ha-ok.jpg 753w, https:\/\/modern-akupunktura.hu\/wp-content\/uploads\/ha-ok-492x610.jpg 492w\" sizes=\"(max-width: 753px) 100vw, 753px\" \/>A hagyom\u00e1nyos keleti szeml\u00e9let szerint az emberi fizik\u00e1lis test \u00e9s lelki \u00e1llapot egys\u00e9ges embert alkotnak , melynek m\u0171k\u00f6d\u00e9s\u00e9t a sz\u00fcks\u00e9ges biok\u00e9miai \u00e9s lelki folyamatok eg\u00e9szs\u00e9ges egyens\u00falya garant\u00e1lja a qi-energi\u00e1k \u00e1raml\u00e1s\u00e1n kereszt\u00fcl. Ha a harmonikus m\u0171k\u00f6d\u00e9sben zavar keletkezik, az egyens\u00faly felborul \u00e9s betegs\u00e9g jelentkezik testi \u00e9s lelki szinten egyar\u00e1nt.<\/p>\r\n\r\n\r\n\r\n<h2 class=\"wp-block-heading\">How does acupuncture help?<\/h2>\r\n\r\n\r\n\r\n<p>Acupuncture restores the proper functioning of the unified human being. Traditional Chinese medicine and philosophy are based on correlative thinking. It has been observed that the same mechanisms and processes act in the human body as in nature. If there is a problem in one organ sooner or later the other organs will also malfunction.<\/p>\r\n\r\n\r\n\r\n<p>For example, in patients with digestive problems, not only should the gastric complaints be eliminated but also the small and large intestinal functions and the detoxification done by the liver and bile should be supported.<\/p>\r\n\r\n\r\n\r\n<p><strong>In our surgery the following diseases and symptoms can be treated effectively:<\/strong><\/p>\r\n\r\n\r\n\r\n<ul>\r\n<li><strong>Respiratory diseases:<\/strong>cold, asthma, bronchitis, chronic bronchitis<\/li>\r\n<li><strong>Cardiovascular diseases:<\/strong>hypertonia, atherosclerosis, rehabilitation after a heart attack<\/li>\r\n<li><strong>Gynecological diseases:<\/strong>menstrual disorders, painful period, inflammations, vomiting in pregnancy, aiding pregnancy, improving postpartum milk secretion<\/li>\r\n<li><strong>Digestive diseases:<\/strong>gastritis and intestinal inflammation, lack or overeating of stomach acid, constipation, diarrhea, hemorrhoids<\/li>\r\n<li><strong>Urogenital diseases:<\/strong>: h\u00fagy\u00fati gyullad\u00e1s, felf\u00e1z\u00e1s, f\u00e1jdalmas vizel\u00e9s, vizelet elakad\u00e1sa, vizelet cs\u00f6p\u00f6g\u00e9s<\/li>\r\n<li><strong>Neurological disorders:<\/strong>depression, facial nerve pain, unilateral facial paralysis, neurological complaints, insomnia, epilepsy, rehabilitation of paralysis after stroke<\/li>\r\n<\/ul>\r\n\r\n\r\n\r\n<h2 class=\"wp-block-heading\"><strong>How does bio-thread acupuncture work?<\/strong><\/h2>\r\n\r\n\r\n\r\n<p>The essence of this special method is that with a suitable tool and technique, an approximately <strong>0.5\u20131 centimetre-long piece of bio-thread <\/strong>is inserted into the acupuncture points. These pieces of bio-threads have a <strong>permanent effect: <\/strong>they stimulate the body\u2019s own self-healing process. The method is extremely effective, especially for chronic diseases. Furthermore, this solution is not only more time-saving, but also less costly for patients, as it takes 4-6 weeks for the bio-thread pieces to be absorbed and exert their effects, so the treatment needs to be repeated <strong>only once a month.<\/strong><\/p>\r\n\r\n\r\n\r\n<h2 class=\"wp-block-heading\">Betegs\u00e9gek megel\u0151z\u00e9se<\/h2>\r\n\r\n\r\n\r\n<p>More and more people feel responsible for their own health and wish to do something to preserve it.<\/p>\r\n\r\n\r\n\r\n<p>Both the Western and the Eastern Medicine place great emphasis on preventing diseases. \nIllnesses do not just occur all of a sudden. They are the results of a long-lasting (sometimes several years-long). \nWhat would have happened if we had stopped this decline at the very beginning, before tissue damage occurred? Acupuncture is an effective method to do so. It energizes the body, enhances concentration, improves (food) metabolism, so both your job and sports performance will increase and you will gain quality sleep as well.<\/p>\r\n\r\n\r\n\r\n<p>Health can only be preserved if we provide the body and the soul with everything they need in the necessary amount. Physical and psychological needs cannot be separated. Only by harmonizing both of them can we reach a permanent, lasting result and a long life.<\/p>","protected":false},"excerpt":{"rendered":"<p>A hagyom\u00e1nyos keleti szeml\u00e9let szerint az emberi fizik\u00e1lis test \u00e9s lelki \u00e1llapot egys\u00e9ges embert alkotnak , melynek m\u0171k\u00f6d\u00e9s\u00e9t a sz\u00fcks\u00e9ges biok\u00e9miai \u00e9s lelki folyamatok eg\u00e9szs\u00e9ges egyens\u00falya garant\u00e1lja a qi-energi\u00e1k \u00e1raml\u00e1s\u00e1n kereszt\u00fcl. Ha a harmonikus m\u0171k\u00f6d\u00e9sben zavar keletkezik, az egyens\u00faly felborul \u00e9s betegs\u00e9g jelentkezik testi \u00e9s lelki szinten egyar\u00e1nt. Hogyan seg\u00edt az akupunkt\u00fara? Az akupunkt\u00far\u00e1s ter\u00e1pia [&hellip;]<\/p>\n","protected":false},"author":2,"featured_media":0,"parent":99,"menu_order":1,"comment_status":"closed","ping_status":"closed","template":"","meta":{"_acf_changed":false,"footnotes":""},"categories":[4],"tags":[],"acf":[],"_links":{"self":[{"href":"https:\/\/modern-akupunktura.hu\/en\/wp-json\/wp\/v2\/pages\/119"}],"collection":[{"href":"https:\/\/modern-akupunktura.hu\/en\/wp-json\/wp\/v2\/pages"}],"about":[{"href":"https:\/\/modern-akupunktura.hu\/en\/wp-json\/wp\/v2\/types\/page"}],"author":[{"embeddable":true,"href":"https:\/\/modern-akupunktura.hu\/en\/wp-json\/wp\/v2\/users\/2"}],"replies":[{"embeddable":true,"href":"https:\/\/modern-akupunktura.hu\/en\/wp-json\/wp\/v2\/comments?post=119"}],"version-history":[{"count":15,"href":"https:\/\/modern-akupunktura.hu\/en\/wp-json\/wp\/v2\/pages\/119\/revisions"}],"predecessor-version":[{"id":9587,"href":"https:\/\/modern-akupunktura.hu\/en\/wp-json\/wp\/v2\/pages\/119\/revisions\/9587"}],"up":[{"embeddable":true,"href":"https:\/\/modern-akupunktura.hu\/en\/wp-json\/wp\/v2\/pages\/99"}],"wp:attachment":[{"href":"https:\/\/modern-akupunktura.hu\/en\/wp-json\/wp\/v2\/media?parent=119"}],"wp:term":[{"taxonomy":"category","embeddable":true,"href":"https:\/\/modern-akupunktura.hu\/en\/wp-json\/wp\/v2\/categories?post=119"},{"taxonomy":"post_tag","embeddable":true,"href":"https:\/\/modern-akupunktura.hu\/en\/wp-json\/wp\/v2\/tags?post=119"}],"curies":[{"name":"wp","href":"https:\/\/api.w.org\/{rel}","templated":true}]}}