{"id":117,"date":"2020-02-14T12:54:55","date_gmt":"2020-02-14T11:54:55","guid":{"rendered":"https:\/\/modern-akupunktura.hu\/?page_id=117"},"modified":"2024-03-22T17:43:04","modified_gmt":"2024-03-22T15:43:04","slug":"allergiak-csillapitasa-ekcemak-megszuntetese","status":"publish","type":"page","link":"https:\/\/modern-akupunktura.hu\/en\/kezelesek\/allergiak-csillapitasa-ekcemak-megszuntetese\/","title":{"rendered":"Relieving allergies, eliminating eczemas"},"content":{"rendered":"<p><img loading=\"lazy\" decoding=\"async\" width=\"1299\" height=\"1029\" class=\"wp-image-3243\" style=\"width: 30%; float: left; margin-right: 30px; margin-bottom: 15px; vertical-align: top;\" src=\"https:\/\/modern-akupunktura.hu\/wp-content\/uploads\/macska.jpg\" alt=\"\" srcset=\"https:\/\/modern-akupunktura.hu\/wp-content\/uploads\/macska.jpg 1299w, https:\/\/modern-akupunktura.hu\/wp-content\/uploads\/macska-610x483.jpg 610w, https:\/\/modern-akupunktura.hu\/wp-content\/uploads\/macska-1120x887.jpg 1120w, https:\/\/modern-akupunktura.hu\/wp-content\/uploads\/macska-768x608.jpg 768w\" sizes=\"(max-width: 1299px) 100vw, 1299px\" \/>An allergy is the body's<strong> false immune response.<\/strong> Ilyenkor test\u00fcnk olyan anyag, molekula ellen v\u00e9dekezik, mely a szervezetre \u00e1rtalmatlan \u00e9s eg\u00e9szs\u00e9ges emberekben semmilyen probl\u00e9m\u00e1t nem okoz. \u00a0Sajnos napjaikban <strong>quite popular<\/strong> these days: <strong>more than 25% of young people <\/strong>are struggling with them.<\/p>\r\n\r\n\r\n\r\n<h2 class=\"wp-block-heading\"><strong>What are the symptoms of allergies?<\/strong><\/h2>\r\n\r\n\r\n\r\n<p>The symptoms may vary depending on which organs are affected, but all of them begin or take place paroxysmally and are accompanied by secretion, congestion or muscle spasms. Symptoms can be seasonal or they can be associated with the onset of certain diseases:<\/p>\r\n\r\n\r\n\r\n<ul>\r\n<li>dyspnoe, coughing, fullad\u00e1s \u2013<strong> allergic asthma<\/strong><\/li>\r\n<li>Sneezing, runny nose, blocked nose \u2013 <strong>rhinitis \/ hay fever<\/strong><\/li>\r\n<li>Itching eyes, dripping eyes, red eyes \u2013 <strong>allergic conjunctivitis<\/strong><\/li>\r\n<li>Skin rashes, eczema \u2013 <strong>eczema<\/strong><\/li>\r\n<li>urticaria<\/li>\r\n<li>Abdominal pain, diarrhoea, absorption disorders \u2013 digestive symptoms<\/li>\r\n<li>anaphylactic shock<\/li>\r\n<li>oral mucosal problems, itching soft palate<\/li>\r\n<\/ul>\r\n\r\n\r\n\r\n<h2 class=\"wp-block-heading\"><strong>How do I treat allergy?<\/strong><\/h2>\r\n\r\n\r\n\r\n<p>With the absorbable bio-thread acupuncture we restore the proper functioning of the <strong>body's own immune system. <\/strong>\u00e1ll\u00edtjuk vissza:\u00a0a t\u00fcnetek enyh\u00fclnek vagy ak\u00e1r teljesen meg is sz\u0171nnek. A hagyom\u00e1nyos orvosl\u00e1s gy\u00f3gyszerorient\u00e1lt megold\u00e1saival szemben az akupunkt\u00far\u00e1s kezel\u00e9s teljesen term\u00e9szetes \u00e9s <strong>without side effects. <\/strong><\/p>\r\n\r\n\r\n\r\n<h2 class=\"wp-block-heading\"><strong>Prevention<\/strong><\/h2>\r\n\r\n\r\n\r\n<p>Preventive treatment can be extremely important to get over the difficulties of allergic seasons. <strong>prevent\u00edv kezel\u00e9s<\/strong> This method can help to <strong>completely eliminate the symptoms. <\/strong>If you know that every year you have a certain allergy <strong>don\u2019t wait <\/strong>for the symptoms to appear, but sign up for a preventative treatment beforehand.<\/p>\r\n\r\n\r\n\r\n<h2 class=\"wp-block-heading\">Treatment of eczema<\/h2>\r\n\r\n\r\n\r\n<p>Eczema is a type of allergy that causes <strong>dermatitis.<\/strong> j\u00f6n l\u00e9tre.\u00a0Az ekc\u00e9ma t\u00fcnetei szabad szemmel is j\u00f3l l\u00e1that\u00f3ak. V\u00f6r\u00f6s foltokkal, el\u0151sz\u00f6r nedvedz\u0151 h\u00f3lyagocsk\u00e1kkal jelentkezik, mely h\u00f3lyagok felszakadva besz\u00e1radnak. Az ekc\u00e9m\u00e1s t\u00fcneteket rohamszer\u0171 viszket\u00e9si ingerek k\u00eds\u00e9rik.<\/p>\r\n\r\n\r\n\r\n<p>In traditional, Western medicine eczema is usually treated with creams containing steroids, which soon reduce inflammation and itching but thin the skin and destroy its natural bacterial protective layer, allowing the eczema to return in an even more severe form after temporary improvement. Therefore in the treatment of eczema it is not enough to focus on the symptoms of the skin, but it is also necessary to<strong>eliminate the root causes, <\/strong>i.e. to <a href=\"https:\/\/modern-akupunktura.hu\/en\/kezelesek\/belso-szervek-mukodesenek-harmonizalasa\/\" data-type=\"page\" data-id=\"119\">harmonize the functioning of the internal organs.<\/a> This can result <strong>in complex and permanent<\/strong> recovery.<\/p>\r\n\r\n\r\n\r\n<h2 class=\"wp-block-heading\"><strong>How does bio-thread acupuncture work?<\/strong><\/h2>\r\n\r\n\r\n\r\n<p>The essence of this special method is that with a suitable tool and technique, an approximately <strong>0.5\u20131 centimetre-long piece of bio-thread <\/strong>is inserted into the acupuncture points. These pieces of bio-threads have a <strong>permanent effect: <\/strong>they stimulate the body\u2019s own self-healing process. The method is extremely effective, especially for chronic diseases. Furthermore, this solution is not only more time-saving, but also less costly for patients, as it takes 4-6 weeks for the bio-thread pieces to be absorbed and exert their effects, so the treatment needs to be repeated <strong>only once a month.<\/strong><\/p>","protected":false},"excerpt":{"rendered":"<p>Allergi\u00e1nak nevezz\u00fck a szervezet t\u00e9ves immunv\u00e1lasz\u00e1t. Ilyenkor test\u00fcnk olyan anyag, molekula ellen v\u00e9dekezik, mely a szervezetre \u00e1rtalmatlan \u00e9s eg\u00e9szs\u00e9ges emberekben semmilyen probl\u00e9m\u00e1t nem okoz. \u00a0Sajnos napjaikban n\u00e9pbetegs\u00e9gnek sz\u00e1m\u00edt az allergia: a fiatalok t\u00f6bb mint 25%-a k\u00fczd ezzel a jelens\u00e9ggel. Milyen t\u00fcnetei vannak az allergi\u00e1nak? A t\u00fcnetek rendk\u00edv\u00fcl k\u00fcl\u00f6nb\u00f6z\u0151ek lehetnek att\u00f3l f\u00fcgg\u0151en, hogy melyik szervet \u00e9rinti, [&hellip;]<\/p>\n","protected":false},"author":2,"featured_media":0,"parent":99,"menu_order":2,"comment_status":"closed","ping_status":"closed","template":"","meta":{"_acf_changed":false,"footnotes":""},"categories":[5],"tags":[],"acf":[],"_links":{"self":[{"href":"https:\/\/modern-akupunktura.hu\/en\/wp-json\/wp\/v2\/pages\/117"}],"collection":[{"href":"https:\/\/modern-akupunktura.hu\/en\/wp-json\/wp\/v2\/pages"}],"about":[{"href":"https:\/\/modern-akupunktura.hu\/en\/wp-json\/wp\/v2\/types\/page"}],"author":[{"embeddable":true,"href":"https:\/\/modern-akupunktura.hu\/en\/wp-json\/wp\/v2\/users\/2"}],"replies":[{"embeddable":true,"href":"https:\/\/modern-akupunktura.hu\/en\/wp-json\/wp\/v2\/comments?post=117"}],"version-history":[{"count":8,"href":"https:\/\/modern-akupunktura.hu\/en\/wp-json\/wp\/v2\/pages\/117\/revisions"}],"predecessor-version":[{"id":9588,"href":"https:\/\/modern-akupunktura.hu\/en\/wp-json\/wp\/v2\/pages\/117\/revisions\/9588"}],"up":[{"embeddable":true,"href":"https:\/\/modern-akupunktura.hu\/en\/wp-json\/wp\/v2\/pages\/99"}],"wp:attachment":[{"href":"https:\/\/modern-akupunktura.hu\/en\/wp-json\/wp\/v2\/media?parent=117"}],"wp:term":[{"taxonomy":"category","embeddable":true,"href":"https:\/\/modern-akupunktura.hu\/en\/wp-json\/wp\/v2\/categories?post=117"},{"taxonomy":"post_tag","embeddable":true,"href":"https:\/\/modern-akupunktura.hu\/en\/wp-json\/wp\/v2\/tags?post=117"}],"curies":[{"name":"wp","href":"https:\/\/api.w.org\/{rel}","templated":true}]}}