{"id":113,"date":"2018-08-04T02:26:23","date_gmt":"2020-02-14T11:33:40","guid":{"rendered":"https:\/\/modern-akupunktura.hu\/?page_id=113"},"modified":"2024-03-22T17:42:13","modified_gmt":"2024-03-22T15:42:13","slug":"fajdalomcsillapitas-gyogyszerek-nelkul","status":"publish","type":"page","link":"https:\/\/modern-akupunktura.hu\/en\/kezelesek\/fajdalomcsillapitas-gyogyszerek-nelkul\/","title":{"rendered":"Pain relief without medicine"},"content":{"rendered":"<p><img loading=\"lazy\" decoding=\"async\" width=\"625\" height=\"902\" class=\"wp-image-3201\" style=\"width: 30%; float: left; margin-right: 30px; vertical-align: top;\" src=\"https:\/\/modern-akupunktura.hu\/wp-content\/uploads\/roka4.jpg\" alt=\"\" srcset=\"https:\/\/modern-akupunktura.hu\/wp-content\/uploads\/roka4.jpg 625w, https:\/\/modern-akupunktura.hu\/wp-content\/uploads\/roka4-423x610.jpg 423w\" sizes=\"(max-width: 625px) 100vw, 625px\" \/>Pain is our body\u2019s <strong>signaling system <\/strong>that draws our attention to some disorder, forcing us to address the problem.<\/p>\r\n\r\n\r\n\r\n<h2 class=\"wp-block-heading\"><strong>Why is it important to ease the pain as soon as possible <strong>min\u00e9l hamarabb<\/strong><\/strong>i <strong>csillap\u00edt\u00e1sa<\/strong>?<\/h2>\r\n\r\n\r\n\r\n<p><strong>Acute pain <\/strong>occurs suddenly in association with an injury or acute inflammation.\nPain tolerance depends on the individual's pain threshold. If the patient does not receive adequate pain relief or the cause of the pain does not disappear a strong defense mechanism gets triggered in the body. \nThis includes symptoms such as muscle tension, swollen vessels, high blood pressure, or even nervous system irritability which results in a stronger sensation of pain.<\/p>\r\n\r\n\r\n\r\n<p><strong>Chronic pain<\/strong> is the type of pain that has been \u201caccompanying\u201d the patient for a <strong> longer time <\/strong>\u201eelk\u00eds\u00e9ri\u201d a p\u00e1cienst. Okozhatja egy vagy t\u00f6bb folyamatban l\u00e9v\u0151 betegs\u00e9g \u00a0\u2013 pl. mozg\u00e1sszervi k\u00f3rk\u00e9pekn\u00e9l a lumb\u00e1g\u00f3, neuralgiai elv\u00e1ltoz\u00e1sok, migr\u00e9nes fejf\u00e1j\u00e1s, autoimmun megbeteged\u00e9sek \u2013 de az is el\u0151fordul, hogy a betegs\u00e9g m\u00e1r gy\u00f3gyul\u00f3ban van, s\u0151t, lehet a p\u00e1ciens m\u00e1r teljesen eg\u00e9szs\u00e9ges is, <strong>a f\u00e1jdalom\u00e9rzet m\u00e9gis megmarad. <\/strong>It can also happen that although the patient is already in the healing process or has recovered completely from the disease the pain is still there. This is because the nerve cells have not turned off themselves yet so they continue signaling pain to the brain.<\/p>\r\n\r\n\r\n\r\n<p>Taking painkillers daily for long periods of time can lead to <strong>serious side effects.<\/strong> In this case it is definitely worth trying bio-thread acupuncture for pain relief.<\/p>\r\n\r\n\r\n\r\n<h2 class=\"wp-block-heading\"><strong>When doctors have no clue about the cause...<\/strong><\/h2>\r\n\r\n\r\n\r\n<p>Unfortunately, sometimes even after several rounds of different examinations <strong>the root cause of the pain remains unknown.<\/strong> This is when doctors diagnose a so-called idiopathic pain syndrome. It means Unknown Pain Syndrome and it exists \u201conly in the patient\u2019s mind\u201d. Which is, in fact, true as the doctors cannot feel it ... However, <strong>the patient is suffering...<\/strong> Their pain is absolutely real!<\/p>\r\n\r\n\r\n\r\n<p>Even in such a case bio-thread acupuncture can help a lot as it can bring the body <strong>back to balance <\/strong>so the pain can be relieved permanently. Without harmful side-effects!<\/p>\r\n\r\n\r\n\r\n<h2 class=\"wp-block-heading\">When medicated pain relief is not an option<\/h2>\r\n\r\n\r\n\r\n<p>In case of allergies or chronic diseases (e.g., diabetes, liver and kidney problems, etc.) certain pain-relieving medications <strong>may be contraindicated.<\/strong> Regular or constant pain affects all walks of the patient\u2019s life <strong>negatively.<\/strong> It often causes career or personal crises and puts a burden on the patient\u2019s family as well. Bio-thread acupuncture analgesia can be a solution in such cases as well.\u00a0<\/p>\r\n\r\n\r\n\r\n<p>Szerencs\u00e9re ilyen esetekben is megold\u00e1s lehet a\u00a0biosz\u00e1las akupunktur\u00e1s f\u00e1jdalomcsillap\u00edt\u00e1s.\u00a0<\/p>\r\n\r\n\r\n\r\n<h2 class=\"wp-block-heading\"><strong>How does bio-thread acupuncture work?<\/strong><\/h2>\r\n\r\n\r\n\r\n<p>The essence of this special method is that with a suitable tool and technique, an approximately <strong>0.5\u20131 centimetre-long piece of bio-thread <\/strong>is inserted into the acupuncture points. These pieces of bio-threads have a <strong>permanent effect: <\/strong>they stimulate the body\u2019s own self-healing process. The method is extremely effective, especially for chronic diseases. Furthermore, this solution is not only more time-saving, but also less costly for patients, as it takes 4-6 weeks for the bio-thread pieces to be absorbed and exert their effects, so the treatment needs to be repeated <strong>only once a month.<\/strong><\/p>\r\n\r\n\r\n\r\n<h2 class=\"wp-block-heading\"><strong>Increased efficacy by adding medical collagen<\/strong><\/h2>\r\n\r\n\r\n\r\n<p>Bio-thread acupuncture itself has a stimulating effect on collagen formation, but this can be enhanced with the use of medical collagen. This therapy is especially suitable for the treatment of <strong>muscle and joint pain \u2013<\/strong> but it not only relieves the pain but also <strong>promotes regeneration and repair of damaged tissues.<\/strong>Collagen is present in large amounts in our body. Approximately 25-30% of our protein stock is made up of this substance. Medical collagen is a high-purity, natural substance that can be used in most cases and it has<strong> absolutely no side effects. <\/strong>\u00e9s a legt\u00f6bb esetben lehets\u00e9ges.<\/p>\r\n\r\n\r\n\r\n<p>For more information about medical collagen visit https:\/\/mdkollagen.hu\/md-kollagen-terapia\/.<\/p>\r\n\r\n\r\n\r\n<h2 class=\"wp-block-heading\"><br \/>Bio-thread acupuncture can help relieve the following pains:<\/h2>\r\n\r\n\r\n\r\n<p><strong>pain due to spinal problems (eg due to scoliosis) | low back pain | vertebral pain | nerve - based pain due to spinal hernia |  backache | numbness due to neck pain | (migraine) headache |  facial pain | joint pain | knee, ankle, Achilles tendon, heel bone and other leg pains | shoulder pain (frozen shoulder) | tennis elbows | wrist pain | ligament inflammation<\/strong><\/p>\r\n\r\n\r\n\r\n\r\n\r\n<p>&nbsp;<\/p>","protected":false},"excerpt":{"rendered":"<p>A f\u00e1jdalom szervezet\u00fcnk jelz\u0151rendszere, amely valamilyen rendelleness\u00e9gre h\u00edvja fel a figyelm\u00fcnket, r\u00e1k\u00e9nyszer\u00edtve minket arra, hogy foglalkozzunk a probl\u00e9m\u00e1val. Mi\u00e9rt fontos a f\u00e1jdalom min\u00e9l hamarabbi csillap\u00edt\u00e1sa? Az akut f\u00e1jdalom hirtelen jelentkezik s\u00e9r\u00fcl\u00e9s vagy heveny gyullad\u00e1s kapcs\u00e1n. Egy\u00e9ni f\u00e1jdalomk\u00fcsz\u00f6bt\u0151l f\u00fcgg, hogy ki hogy t\u0171ri a f\u00e1jdalmat. Ha nem kap a beteg megfelel\u0151 f\u00e1jdalomcsillap\u00edt\u00e1st vagy nem sz\u0171nik meg [&hellip;]<\/p>\n","protected":false},"author":2,"featured_media":0,"parent":99,"menu_order":0,"comment_status":"closed","ping_status":"closed","template":"","meta":{"_acf_changed":false,"footnotes":""},"categories":[8],"tags":[],"acf":[],"_links":{"self":[{"href":"https:\/\/modern-akupunktura.hu\/en\/wp-json\/wp\/v2\/pages\/113"}],"collection":[{"href":"https:\/\/modern-akupunktura.hu\/en\/wp-json\/wp\/v2\/pages"}],"about":[{"href":"https:\/\/modern-akupunktura.hu\/en\/wp-json\/wp\/v2\/types\/page"}],"author":[{"embeddable":true,"href":"https:\/\/modern-akupunktura.hu\/en\/wp-json\/wp\/v2\/users\/2"}],"replies":[{"embeddable":true,"href":"https:\/\/modern-akupunktura.hu\/en\/wp-json\/wp\/v2\/comments?post=113"}],"version-history":[{"count":14,"href":"https:\/\/modern-akupunktura.hu\/en\/wp-json\/wp\/v2\/pages\/113\/revisions"}],"predecessor-version":[{"id":9586,"href":"https:\/\/modern-akupunktura.hu\/en\/wp-json\/wp\/v2\/pages\/113\/revisions\/9586"}],"up":[{"embeddable":true,"href":"https:\/\/modern-akupunktura.hu\/en\/wp-json\/wp\/v2\/pages\/99"}],"wp:attachment":[{"href":"https:\/\/modern-akupunktura.hu\/en\/wp-json\/wp\/v2\/media?parent=113"}],"wp:term":[{"taxonomy":"category","embeddable":true,"href":"https:\/\/modern-akupunktura.hu\/en\/wp-json\/wp\/v2\/categories?post=113"},{"taxonomy":"post_tag","embeddable":true,"href":"https:\/\/modern-akupunktura.hu\/en\/wp-json\/wp\/v2\/tags?post=113"}],"curies":[{"name":"wp","href":"https:\/\/api.w.org\/{rel}","templated":true}]}}