{"id":103,"date":"2020-02-12T23:58:35","date_gmt":"2020-02-12T22:58:35","guid":{"rendered":"https:\/\/modern-akupunktura.hu\/?page_id=103"},"modified":"2020-10-18T18:59:03","modified_gmt":"2020-10-18T17:59:03","slug":"rolam","status":"publish","type":"page","link":"https:\/\/modern-akupunktura.hu\/en\/rolam\/","title":{"rendered":"About me"},"content":{"rendered":"<div class=\"wp-block-columns is-layout-flex wp-container-core-columns-is-layout-1 wp-block-columns-is-layout-flex\">\n<div class=\"wp-block-column is-layout-flow wp-block-column-is-layout-flow\" style=\"flex-basis:50%\">\n<figure class=\"wp-block-image size-full is-resized\"><img loading=\"lazy\" decoding=\"async\" src=\"https:\/\/modern-akupunktura.hu\/wp-content\/uploads\/Dr-Dang-Phuong-Lan_portrait3.png\" alt=\"Dr. Dang Phuong Lan portrait\" class=\"wp-image-109\" width=\"476\" height=\"489\"\/><figcaption style=\"text-align: center;\"><strong>Dr. Dang Phuong Lan<br><\/strong>otorhinolaryngologist&nbsp;<br>acupuncture specialist<\/figcaption><\/figure>\n<\/div>\n\n\n\n<div class=\"wp-block-column is-layout-flow wp-block-column-is-layout-flow\" style=\"flex-basis:66.66%\">\n<p>...I am most grateful to have received training in both Western and Eastern medicine... I received a scholarship from Semmelweis Medical University, one of Europe's most prestigious medical universities, where I graduated with Summa cum Laude. After that I did postgraduate studies in a hospital, where I learned modern Western diagnostics, emergency procedures, and surgical techniques. I was then ready to enrich my medical knowledge with the holistic approach of Eastern medicine in my home country, Vietnam.\u00a0<\/p>\n\n\n\n<p>During the course of my work I am getting more and more successful in combining the healing methods of these two cultures so that those who turn to me can heal in the most effective and natural way possible. I love my job very much and I am convinced that it is this love and care that my patients need to regain their health and maintain it for a long time.&nbsp;<\/p>\n\n\n\n<blockquote class=\"wp-block-quote is-style-large\" style=\"text-align: right; padding-left: 30px;\">\n<p><em>\"Love heals - both the one who receives it and the one who gives it.\"<\/em><\/p>\n<p><cite><em>Karl Augustus Menninger<\/em><\/cite><\/p>\n<\/blockquote>\n<\/div>\n<\/div>\n\n\n\n<p><strong>Professional life<\/strong>:<\/p>\n\n\n\n<p class=\"translation-block\"><strong>1991-1997<\/strong>: I went to Semmelweis University of Medical Science (SOTE) with a <strong>state scholarship.<\/strong> I studied at the General Medical Faculty in Hungarian language. During my years of study my grades were always good and excellent. I won the 1st prize in the President\u2019s competition for my research on otitis media.<\/p>\n\n\n\n<p class=\"translation-block\"><strong>1997: <\/strong> I graduated from this university in December with a <strong>Summa cum laude<\/strong> result.<\/p>\n\n\n\n<p><strong>1998- 2002<\/strong>: I continued my specialist training at the Department of Oto-laryngology at the Clinic of Haynal Imre University of Health Sciences in Budapest.<\/p>\n\n\n\n<p class=\"translation-block\"><strong>In November 2002 <\/strong>I passed the specialist exam in oto-rhino-laryngology with an excellent result.<\/p>\n\n\n\n<p class=\"translation-block\"><strong>2001-2002<\/strong>:  I completed the Traditional Chinese Medicine Postgraduate Course and one year of internship.<\/p>\n\n\n\n<p><strong>In October 2002<\/strong> I passed the acupuncture specialist exam at SOTE.<\/p>\n\n\n\n<p class=\"translation-block\"><strong>2002 - 2004: <\/strong>\u00a0 I worked at the otorhinolaryngologic Department of P\u00e9terfy S\u00e1ndor hospital and in the otorhinolaryngologic public surgery of the 16th district.<\/p>\n\n\n\n<p class=\"translation-block\"><strong>Since 2007<\/strong> I have been working as a private oto-rhino-laryngologist and acupuncturist.\nI not only practise traditional medicine but also constantly expand my repertoire of treatments with the latest medical technologies and techniques to ensure the most effective healing for my patients.<\/p>\n\n\n\n<div class=\"wp-block-columns is-layout-flex wp-container-core-columns-is-layout-2 wp-block-columns-is-layout-flex\">\n<div class=\"wp-block-column is-layout-flow wp-block-column-is-layout-flow\"><\/div>\n<\/div>","protected":false},"excerpt":{"rendered":"<p>...rendk\u00edv\u00fcl h\u00e1l\u00e1s vagyok a sorsnak, hogy mind a nyugati, mind a keleti orvostudom\u00e1ny k\u00e9pz\u00e9s\u00e9ben r\u00e9szes\u00fclhettem... Az Eur\u00f3p\u00e1ban is az egyik legrangosabb orvostudom\u00e1nyi egyetemen, a Semmelweis Orvostudom\u00e1nyi Egyetemen kaptam \u00f6szt\u00f6nd\u00edjat, melyet Suma cum Laude min\u0151s\u00edt\u00e9ssel v\u00e9geztem el, majd a szakk\u00e9pz\u00e9si k\u00f3rh\u00e1zban elsaj\u00e1t\u00edtottam a modern nyugati diagnosztik\u00e1t, a s\u00fcrg\u0151ss\u00e9gi beavatkoz\u00e1sokat \u00e9s m\u0171t\u00e9ti technik\u00e1kat. Ezut\u00e1n a keleti orvostudom\u00e1ny [&hellip;]<\/p>\n","protected":false},"author":2,"featured_media":0,"parent":0,"menu_order":3,"comment_status":"closed","ping_status":"closed","template":"","meta":{"_acf_changed":false,"footnotes":""},"categories":[],"tags":[],"acf":[],"_links":{"self":[{"href":"https:\/\/modern-akupunktura.hu\/en\/wp-json\/wp\/v2\/pages\/103"}],"collection":[{"href":"https:\/\/modern-akupunktura.hu\/en\/wp-json\/wp\/v2\/pages"}],"about":[{"href":"https:\/\/modern-akupunktura.hu\/en\/wp-json\/wp\/v2\/types\/page"}],"author":[{"embeddable":true,"href":"https:\/\/modern-akupunktura.hu\/en\/wp-json\/wp\/v2\/users\/2"}],"replies":[{"embeddable":true,"href":"https:\/\/modern-akupunktura.hu\/en\/wp-json\/wp\/v2\/comments?post=103"}],"version-history":[{"count":16,"href":"https:\/\/modern-akupunktura.hu\/en\/wp-json\/wp\/v2\/pages\/103\/revisions"}],"predecessor-version":[{"id":3309,"href":"https:\/\/modern-akupunktura.hu\/en\/wp-json\/wp\/v2\/pages\/103\/revisions\/3309"}],"wp:attachment":[{"href":"https:\/\/modern-akupunktura.hu\/en\/wp-json\/wp\/v2\/media?parent=103"}],"wp:term":[{"taxonomy":"category","embeddable":true,"href":"https:\/\/modern-akupunktura.hu\/en\/wp-json\/wp\/v2\/categories?post=103"},{"taxonomy":"post_tag","embeddable":true,"href":"https:\/\/modern-akupunktura.hu\/en\/wp-json\/wp\/v2\/tags?post=103"}],"curies":[{"name":"wp","href":"https:\/\/api.w.org\/{rel}","templated":true}]}}