{"id":101,"date":"2020-02-12T23:58:18","date_gmt":"2020-02-12T22:58:18","guid":{"rendered":"https:\/\/modern-akupunktura.hu\/?page_id=101"},"modified":"2020-10-18T19:03:27","modified_gmt":"2020-10-18T18:03:27","slug":"gyik","status":"publish","type":"page","link":"https:\/\/modern-akupunktura.hu\/en\/gyik\/","title":{"rendered":"Frequently Asked Questions"},"content":{"rendered":"<h2 class=\"wp-block-heading\">1. I am scared of needles. Is the treatment painful?&nbsp;<\/h2>\n\n\n\n<p>Modern acupuncture is not painful at all. I deliver the bio-thread to the acupuncture point with a hair-thin needle. There is no needle left in the body, only the bio-thread remains and constantly stimulates the body. The place of the puncture is not visible at all. The treatment does not need to be repeated very often, only once a month.&nbsp;<\/p>\n\n\n\n<h2 class=\"wp-block-heading\">2. I am on lots of medications. Do they affect the treatment? Does the treatment have any side effects?<\/h2>\n\n\n\n<p>As no drug or foreign substance enters the body the treatment does not affect medications and does not influence the results of medical examinations such as X-ray, ultrasound, CT, MRI.\nModern acupuncture has no side-effects at all because it stimulates the body\u2019s own self-healing power.<\/p>\n\n\n\n<h2 class=\"wp-block-heading\">3. How long is the treatment? Am I allowed to drive afterwards?&nbsp;<\/h2>\n\n\n\n<p>One treatment is usually 30 minutes. Before the treatment you can have some light meal, and after the session you can drive. However, hard physical work or intensive exercise is inadvisable for a couple of days after the treatment in order to let the body act upon the stimulation it received.<\/p>\n\n\n\n<h2 class=\"wp-block-heading\">4. How many treatments are needed to reach the desired effects?<\/h2>\n\n\n\n<p>It depends on the underlying condition but after 3 occasions there is always significant improvement.\nIn the case of acute pain, at an early stage even the first treatment can be very effective right away.<\/p>\n\n\n\n<h2 class=\"wp-block-heading\">5. Is the effect visible immediately? How long does it last?<\/h2>\n\n\n\n<p>Yes, it is already visible during the treatment \u2013 for example if we compare it with the untreated side of the face. However, the effect becomes the most visible 1-3 months after the treatment because that is when the collagen thread transforms into the body\u2019s own subcutan collagen. By then you might end up looking even 5-10 years younger!<\/p>\n\n\n\n<h2 class=\"wp-block-heading\">6. Is it permitted to go to a sauna, solarium or beauty salon after face tightening?&nbsp;<\/h2>\n\n\n\n<p>After approximately one week all kinds of activities are permitted.<\/p>","protected":false},"excerpt":{"rendered":"<p>1. F\u00e9lek a t\u0171t\u0151l, f\u00e1jdalmas-e a kezel\u00e9s?&nbsp; A modern akupunkt\u00fara egy\u00e1ltal\u00e1n nem f\u00e1jdalmas! Egy hajsz\u00e1lv\u00e9kony t\u0171 seg\u00edts\u00e9g\u00e9vel juttatom a biosz\u00e1lat az akupunkt\u00far\u00e1s pontba. A testben nem marad benne a t\u0171, csak a biosz\u00e1l marad, \u00e9s folyamatosan stimul\u00e1lja a testet. A sz\u00far\u00e1snak egy\u00e1ltal\u00e1n nem l\u00e1tszik a helye, nem kell gyakran megism\u00e9telni, el\u00e9g havonta egyszer.&nbsp; 2. Sok [&hellip;]<\/p>\n","protected":false},"author":2,"featured_media":0,"parent":0,"menu_order":2,"comment_status":"closed","ping_status":"closed","template":"","meta":{"_acf_changed":false,"footnotes":""},"categories":[],"tags":[],"acf":[],"_links":{"self":[{"href":"https:\/\/modern-akupunktura.hu\/en\/wp-json\/wp\/v2\/pages\/101"}],"collection":[{"href":"https:\/\/modern-akupunktura.hu\/en\/wp-json\/wp\/v2\/pages"}],"about":[{"href":"https:\/\/modern-akupunktura.hu\/en\/wp-json\/wp\/v2\/types\/page"}],"author":[{"embeddable":true,"href":"https:\/\/modern-akupunktura.hu\/en\/wp-json\/wp\/v2\/users\/2"}],"replies":[{"embeddable":true,"href":"https:\/\/modern-akupunktura.hu\/en\/wp-json\/wp\/v2\/comments?post=101"}],"version-history":[{"count":5,"href":"https:\/\/modern-akupunktura.hu\/en\/wp-json\/wp\/v2\/pages\/101\/revisions"}],"predecessor-version":[{"id":3312,"href":"https:\/\/modern-akupunktura.hu\/en\/wp-json\/wp\/v2\/pages\/101\/revisions\/3312"}],"wp:attachment":[{"href":"https:\/\/modern-akupunktura.hu\/en\/wp-json\/wp\/v2\/media?parent=101"}],"wp:term":[{"taxonomy":"category","embeddable":true,"href":"https:\/\/modern-akupunktura.hu\/en\/wp-json\/wp\/v2\/categories?post=101"},{"taxonomy":"post_tag","embeddable":true,"href":"https:\/\/modern-akupunktura.hu\/en\/wp-json\/wp\/v2\/tags?post=101"}],"curies":[{"name":"wp","href":"https:\/\/api.w.org\/{rel}","templated":true}]}}